{"id":2440,"date":"2025-02-07T11:41:13","date_gmt":"2025-02-07T09:41:13","guid":{"rendered":"https:\/\/www.electrovilaseca.com\/contacte\/"},"modified":"2025-02-20T10:46:06","modified_gmt":"2025-02-20T08:46:06","slug":"contacto","status":"publish","type":"page","link":"https:\/\/www.electrovilaseca.com\/es\/contacto\/","title":{"rendered":"Contacto"},"content":{"rendered":"<div class=\"wpb-content-wrapper\"><p>[vc_row full_width=&#8221;stretch_row_content_no_spaces&#8221; equal_height=&#8221;yes&#8221; css=&#8221;.vc_custom_1536114442193{margin-bottom: 45px !important;}&#8221; el_class=&#8221;phone-reset-space&#8221;][vc_column el_class=&#8221;col-phone-12&#8243;][vc_gmaps link=&#8221;#E-8_JTNDaWZyYW1lJTIwc3JjJTNEJTIyaHR0cHMlM0ElMkYlMkZ3d3cuZ29vZ2xlLmNvbSUyRm1hcHMlMkZlbWJlZCUzRnBiJTNEJTIxMW0xOCUyMTFtMTIlMjExbTMlMjExZDU5MzAuNDQ3MDk5Mjk0ODk0JTIxMmQxLjUxODM4MDg3NTI0MTM2MDglMjEzZDQxLjk5NTQ3NzY1ODA1ODIzJTIxMm0zJTIxMWYwJTIxMmYwJTIxM2YwJTIxM20yJTIxMWkxMDI0JTIxMmk3NjglMjE0ZjEzLjElMjEzbTMlMjExbTIlMjExczB4MTJhNWI2MDI3NDgxNzUyNyUyNTNBMHhkM2QyZmFlNmRkN2U3M2ZmJTIxMnNFbGVjdHJvZG9tJTI1QzMlMjVBOHN0aWNzJTI1MjBWaWxhc2VjYSUyMTVlMCUyMTNtMiUyMTFzZXMlMjEyc2VzJTIxNHYxNzM4OTIxMzc0MjAxJTIxNW0yJTIxMXNlcyUyMTJzZXMlMjIlMjB3aWR0aCUzRCUyMjYwMCUyMiUyMGhlaWdodCUzRCUyMjQ1MCUyMiUyMHN0eWxlJTNEJTIyYm9yZGVyJTNBMCUzQiUyMiUyMGFsbG93ZnVsbHNjcmVlbiUzRCUyMiUyMiUyMGxvYWRpbmclM0QlMjJsYXp5JTIyJTIwcmVmZXJyZXJwb2xpY3klM0QlMjJuby1yZWZlcnJlci13aGVuLWRvd25ncmFkZSUyMiUzRSUzQyUyRmlmcmFtZSUzRQ==&#8221; size=&#8221;500px&#8221; css=&#8221;&#8221;][\/vc_column][\/vc_row][vc_row css=&#8221;.vc_custom_1536114563828{margin-bottom: 40px !important;border-bottom-width: 1px !important;padding-bottom: 75px !important;border-bottom-color: #eaeaea !important;border-bottom-style: solid !important;}&#8221;][vc_column width=&#8221;1\/2&#8243; offset=&#8221;vc_col-lg-3 vc_col-md-3 vc_col-xs-6&#8243; el_class=&#8221;col-phone-12&#8243;]<div id=\"sns-infobox-19334325801777495529\" class=\"sns-info-box fa-parent  box-style2\">\n\t<div class=\"info-box-wrapper\">\n\t\t<div class=\"icon\">\n\t\t\t\t\t\t\t<img decoding=\"async\" style=\"max-width:40px\" src=\"https:\/\/www.electrovilaseca.com\/wp-content\/uploads\/2018\/09\/ico-location.png\" alt=\"\" \/>\n\t\t\t\t\n\t\t<\/div>\n\t\t<div class=\"content-info-box\">\n\t\t\t\t\t\tAvda. del Pont, 13, bajos<br \/>\n(Edificio Aries)<br \/>\n25280 Solsona (L\u00e9rida)\t\t<\/div>\n\t<\/div>\n<\/div>\n[\/vc_column][vc_column width=&#8221;1\/2&#8243; offset=&#8221;vc_col-lg-3 vc_col-md-3 vc_col-xs-6&#8243; el_class=&#8221;col-phone-12&#8243;]<div id=\"sns-infobox-4289780491777495529\" class=\"sns-info-box fa-parent  box-style2\">\n\t<div class=\"info-box-wrapper\">\n\t\t<div class=\"icon\">\n\t\t\t\t\t\t\t<img decoding=\"async\" style=\"max-width:40px\" src=\"https:\/\/www.electrovilaseca.com\/wp-content\/uploads\/2018\/09\/ico-phone.png\" alt=\"\" \/>\n\t\t\t\t\n\t\t<\/div>\n\t\t<div class=\"content-info-box\">\n\t\t\t\t\t\t973480708\t\t<\/div>\n\t<\/div>\n<\/div>\n[\/vc_column][vc_column width=&#8221;1\/2&#8243; offset=&#8221;vc_col-lg-3 vc_col-md-3 vc_col-xs-6&#8243; el_class=&#8221;col-phone-12&#8243;]<div id=\"sns-infobox-7188050941777495529\" class=\"sns-info-box fa-parent  box-style2\">\n\t<div class=\"info-box-wrapper\">\n\t\t<div class=\"icon\">\n\t\t\t\t\t\t\t<img decoding=\"async\" style=\"max-width:40px\" src=\"https:\/\/www.electrovilaseca.com\/wp-content\/uploads\/2018\/09\/ico-email.png\" alt=\"\" \/>\n\t\t\t\t\n\t\t<\/div>\n\t\t<div class=\"content-info-box\">\n\t\t\t\t\t\tinfo@electrovilaseca.com\t\t<\/div>\n\t<\/div>\n<\/div>\n[\/vc_column][vc_column width=&#8221;1\/2&#8243; offset=&#8221;vc_col-lg-3 vc_col-md-3 vc_col-xs-6&#8243; el_class=&#8221;col-phone-12&#8243;]<div id=\"sns-infobox-9350457801777495529\" class=\"sns-info-box fa-parent  box-style2\">\n\t<div class=\"info-box-wrapper\">\n\t\t<div class=\"icon\">\n\t\t\t\t\t\t\t<img decoding=\"async\" style=\"max-width:40px\" src=\"https:\/\/www.electrovilaseca.com\/wp-content\/uploads\/2018\/09\/ico-calendar.png\" alt=\"\" \/>\n\t\t\t\t\n\t\t<\/div>\n\t\t<div class=\"content-info-box\">\n\t\t\t\t\t\tLunes a viernes:<br \/>\nDe 9 a 13:30 i de 17 a 20:00<\/p>\n<p>S\u00e1bados:<br \/>\nDe 10 a 13:30 i de 17:00 a 19:30\t\t<\/div>\n\t<\/div>\n<\/div>\n[\/vc_column][\/vc_row][vc_row full_width=&#8221;stretch_row_content&#8221; css=&#8221;.vc_custom_1536050508289{padding-bottom: 70px !important;background-position: 0 0 !important;background-repeat: no-repeat !important;}&#8221; el_class=&#8221;row-contact-form&#8221;][vc_column][vc_custom_heading text=&#8221;Contacte con nosotros&#8221; font_container=&#8221;tag:h2|font_size:36px|text_align:center&#8221; use_theme_fonts=&#8221;yes&#8221; css=&#8221;.vc_custom_1739995245666{margin-bottom: 15px !important;}&#8221; el_class=&#8221;uppercase&#8221;][vc_column_text css=&#8221;.vc_custom_1739995291361{margin-bottom: 30px !important;}&#8221;]<\/p>\n<p style=\"text-align: center;\">Para cualquier consulta, utilice el siguiente formulario y le atenderemos lo antes posible<\/p>\n<p>[\/vc_column_text]\n<div class=\"wpcf7 no-js\" id=\"wpcf7-f2443-o1\" lang=\"ca\" dir=\"ltr\" data-wpcf7-id=\"2443\">\n<div class=\"screen-reader-response\"><p role=\"status\" aria-live=\"polite\" aria-atomic=\"true\"><\/p> <ul><\/ul><\/div>\n<form action=\"\/es\/wp-json\/wp\/v2\/pages\/2440#wpcf7-f2443-o1\" method=\"post\" class=\"wpcf7-form init\" aria-label=\"Formulari de contacte\" novalidate=\"novalidate\" data-status=\"init\">\n<fieldset class=\"hidden-fields-container\"><input type=\"hidden\" name=\"_wpcf7\" value=\"2443\" \/><input type=\"hidden\" name=\"_wpcf7_version\" value=\"6.1\" \/><input type=\"hidden\" name=\"_wpcf7_locale\" value=\"ca\" \/><input type=\"hidden\" name=\"_wpcf7_unit_tag\" value=\"wpcf7-f2443-o1\" \/><input type=\"hidden\" name=\"_wpcf7_container_post\" value=\"0\" \/><input type=\"hidden\" name=\"_wpcf7_posted_data_hash\" value=\"\" \/><input type=\"hidden\" name=\"_wpcf7_recaptcha_response\" value=\"\" \/>\n<\/fieldset>\n<div class=\"contact_form\">\n\t<div class=\"row\">\n\t\t<div class=\"col-lg-12 col-md-12 col-sm-12 col-xs-12\">\n\t\t\t<div class=\"input-group\">\n\t\t\t\t<p><span class=\"wpcf7-form-control-wrap\" data-name=\"txtNom\"><input size=\"40\" maxlength=\"400\" class=\"wpcf7-form-control wpcf7-text wpcf7-validates-as-required\" aria-required=\"true\" aria-invalid=\"false\" placeholder=\"Nombre *\" value=\"\" type=\"text\" name=\"txtNom\" \/><\/span>\n\t\t\t\t<\/p>\n\t\t\t<\/div>\n\t\t\t<div class=\"input-group\">\n\t\t\t\t<p><span class=\"wpcf7-form-control-wrap\" data-name=\"txtAssumpte\"><input size=\"40\" maxlength=\"400\" class=\"wpcf7-form-control wpcf7-text wpcf7-validates-as-required\" aria-required=\"true\" aria-invalid=\"false\" placeholder=\"Asunto *\" value=\"\" type=\"text\" name=\"txtAssumpte\" \/><\/span>\n\t\t\t\t<\/p>\n\t\t\t<\/div>\n\t\t\t<div class=\"input-group\">\n\t\t\t\t<p><span class=\"wpcf7-form-control-wrap\" data-name=\"txtEmail\"><input size=\"40\" maxlength=\"400\" class=\"wpcf7-form-control wpcf7-email wpcf7-validates-as-required wpcf7-text wpcf7-validates-as-email\" aria-required=\"true\" aria-invalid=\"false\" placeholder=\"E-mail *\" value=\"\" type=\"email\" name=\"txtEmail\" \/><\/span>\n\t\t\t\t<\/p>\n\t\t\t<\/div>\n\t\t\t<p><span class=\"wpcf7-form-control-wrap\" data-name=\"txtMissatge\"><textarea cols=\"40\" rows=\"10\" maxlength=\"2000\" class=\"wpcf7-form-control wpcf7-textarea wpcf7-validates-as-required\" aria-required=\"true\" aria-invalid=\"false\" placeholder=\"Mensaje *\" name=\"txtMissatge\"><\/textarea><\/span>\n\t\t\t<\/p>\n\t\t<\/div>\n\t<\/div>\n\t<div class=\"row\">\n\t\t<div class=\"col-lg-12 col-md-12 col-sm-12 col-xs-12\">\n\t\t\t<div class=\"input-group\">\n\t\t\t\t<p><span><span class=\"wpcf7-form-control-wrap\" data-name=\"acceptance-279\"><span class=\"wpcf7-form-control wpcf7-acceptance\"><span class=\"wpcf7-list-item\"><input type=\"checkbox\" name=\"acceptance-279\" value=\"1\" aria-invalid=\"false\" \/><\/span><\/span><\/span> He llegit i accepto l'<a target=\"_blank\" rel=\"nofollow noopener noreferrer\" href=\"https:\/\/www.electrovilaseca.com\/es\/aviso-legal\">Aviso Legal<\/a> i la <a target=\"_blank\" rel=\"nofollow noopener noreferrer\" href=\"https:\/\/www.electrovilaseca.com\/es\/politica-de-privacidad\">Pol\u00edtica de Privacidad<\/a>.<\/span>\n\t\t\t\t<\/p>\n\t\t\t<\/div>\n\t\t<\/div>\n\t\t<div class=\"col-lg-12 col-md-12 col-sm-12 col-xs-12\">\n\t\t\t<div class=\"input-group\">\n\t\t\t\t<p><span><span class=\"wpcf7-form-control-wrap\" data-name=\"acceptance-280\"><span class=\"wpcf7-form-control wpcf7-acceptance optional\"><span class=\"wpcf7-list-item\"><input type=\"checkbox\" name=\"acceptance-280\" value=\"1\" aria-invalid=\"false\" \/><\/span><\/span><\/span> Autorizo el env\u00edo de informaci\u00f3n comercial y del bolet\u00edn de noticias.<\/span>\n\t\t\t\t<\/p>\n\t\t\t<\/div>\n\t\t<\/div>\n\t\t<div class=\"col-lg-12 col-md-12 col-sm-12 col-xs-12 text-left text-legal-p\">\n\t\t\t<p><b>INFORMACI\u00d3N B\u00c1SICA SOBRE PROTECCI\u00d3N DE DATOS<\/b><br \/>\n<b>Responsable del tratamiento:<\/b> ELECTRODOM\u00c8STICS VILASECA, S.L.<br \/>\n<b>Finalidad del tratamiento:<\/b> Mantener una relaci\u00f3n con el Usuario y, si nos autoriza, el env\u00edo de newsletters, comunicaciones comerciales y promociones.<br \/>\n<b>Legitimaci\u00f3n del tratamiento:<\/b> Inter\u00e9s leg\u00edtimo y consentimiento del interesado\/da.<br \/>\n<b>Conservaci\u00f3n de los datos:<\/b> Se conservaran durante el tiempo en el que haga un inter\u00e9s mutuo o durante el tiempo que sea necesario para el cumplimiento de obligaciones legales.<br \/>\n<b>Destinatarios:<\/b> Prestadores de servicios o colaboradores.<br \/>\n<b>Derechos:<\/b> Derecho a retirar el consentimiento en cualquier momento. Derecho de acceso, rectificaci\u00f3n, portabilidad y supresi\u00f3n de sus datos y de la limitaci\u00f3n u oposici\u00f3n a su tratamiento. Datos de contacto para ejercer sus derechos: info@electrovilaseca.com<br \/>\n<b>Informaci\u00f3n adicional:<\/b> Puede encontrar m\u00e1s informaci\u00f3n en nuestra <a href=\"https:\/\/www.electrovilaseca.com\/es\/politica-de-privacidad\">Pol\u00edtica de Privacidad<\/a>.\n\t\t\t<\/p>\n\t\t<\/div>\n\t\t<div class=\"col-lg-12 col-md-12 col-sm-12 col-xs-12 text-right\">\n\t\t\t<div class=\"input-group\">\n\t\t\t\t<p><button class=\"button icon_right size-sm theme-wpcf7-submit\">ENVIAR <i class=\"stm-arrow-next\"><\/i><\/button>\n\t\t\t\t<\/p>\n\t\t\t<\/div>\n\t\t<\/div>\n\t<\/div>\n<\/div><div class=\"wpcf7-response-output\" aria-hidden=\"true\"><\/div>\n<\/form>\n<\/div>\n[\/vc_column][\/vc_row]<\/p>\n<\/div>","protected":false},"excerpt":{"rendered":"<p>[vc_row full_width=&#8221;stretch_row_content_no_spaces&#8221; equal_height=&#8221;yes&#8221; css=&#8221;.vc_custom_1536114442193{margin-bottom: 45px !important;}&#8221; el_class=&#8221;phone-reset-space&#8221;][vc_column el_class=&#8221;col-phone-12&#8243;][vc_gmaps link=&#8221;#E-8_JTNDaWZyYW1lJTIwc3JjJTNEJTIyaHR0cHMlM0ElMkYlMkZ3d3cuZ29vZ2xlLmNvbSUyRm1hcHMlMkZlbWJlZCUzRnBiJTNEJTIxMW0xOCUyMTFtMTIlMjExbTMlMjExZDU5MzAuNDQ3MDk5Mjk0ODk0JTIxMmQxLjUxODM4MDg3NTI0MTM2MDglMjEzZDQxLjk5NTQ3NzY1ODA1ODIzJTIxMm0zJTIxMWYwJTIxMmYwJTIxM2YwJTIxM20yJTIxMWkxMDI0JTIxMmk3NjglMjE0ZjEzLjElMjEzbTMlMjExbTIlMjExczB4MTJhNWI2MDI3NDgxNzUyNyUyNTNBMHhkM2QyZmFlNmRkN2U3M2ZmJTIxMnNFbGVjdHJvZG9tJTI1QzMlMjVBOHN0aWNzJTI1MjBWaWxhc2VjYSUyMTVlMCUyMTNtMiUyMTFzZXMlMjEyc2VzJTIxNHYxNzM4OTIxMzc0MjAxJTIxNW0yJTIxMXNlcyUyMTJzZXMlMjIlMjB3aWR0aCUzRCUyMjYwMCUyMiUyMGhlaWdodCUzRCUyMjQ1MCUyMiUyMHN0eWxlJTNEJTIyYm9yZGVyJTNBMCUzQiUyMiUyMGFsbG93ZnVsbHNjcmVlbiUzRCUyMiUyMiUyMGxvYWRpbmclM0QlMjJsYXp5JTIyJTIwcmVmZXJyZXJwb2xpY3klM0QlMjJuby1yZWZlcnJlci13aGVuLWRvd25ncmFkZSUyMiUzRSUzQyUyRmlmcmFtZSUzRQ==&#8221; size=&#8221;500px&#8221; css=&#8221;&#8221;][\/vc_column][\/vc_row][vc_row css=&#8221;.vc_custom_1536114563828{margin-bottom: 40px !important;border-bottom-width: 1px !important;padding-bottom: 75px !important;border-bottom-color: #eaeaea !important;border-bottom-style: solid !important;}&#8221;][vc_column width=&#8221;1\/2&#8243; offset=&#8221;vc_col-lg-3 vc_col-md-3 vc_col-xs-6&#8243; el_class=&#8221;col-phone-12&#8243;][\/vc_column][vc_column width=&#8221;1\/2&#8243; offset=&#8221;vc_col-lg-3 vc_col-md-3 vc_col-xs-6&#8243; el_class=&#8221;col-phone-12&#8243;][\/vc_column][vc_column width=&#8221;1\/2&#8243; offset=&#8221;vc_col-lg-3 vc_col-md-3 vc_col-xs-6&#8243; el_class=&#8221;col-phone-12&#8243;][\/vc_column][vc_column width=&#8221;1\/2&#8243; offset=&#8221;vc_col-lg-3 vc_col-md-3 vc_col-xs-6&#8243; el_class=&#8221;col-phone-12&#8243;][\/vc_column][\/vc_row][vc_row full_width=&#8221;stretch_row_content&#8221; css=&#8221;.vc_custom_1536050508289{padding-bottom: 70px !important;background-position: 0 0 !important;background-repeat: no-repeat !important;}&#8221; el_class=&#8221;row-contact-form&#8221;][vc_column][vc_custom_heading text=&#8221;Contacte con nosotros&#8221;<\/p>\n<p class=\"link-more\"><a href=\"https:\/\/www.electrovilaseca.com\/es\/contacto\/\" class=\"more-link\"><span>Read More<\/span><\/a><\/p>\n","protected":false},"author":1,"featured_media":0,"parent":0,"menu_order":15,"comment_status":"closed","ping_status":"closed","template":"","meta":{"footnotes":""},"class_list":["post-2440","page","type-page","status-publish","hentry"],"aioseo_notices":[],"_links":{"self":[{"href":"https:\/\/www.electrovilaseca.com\/es\/wp-json\/wp\/v2\/pages\/2440","targetHints":{"allow":["GET"]}}],"collection":[{"href":"https:\/\/www.electrovilaseca.com\/es\/wp-json\/wp\/v2\/pages"}],"about":[{"href":"https:\/\/www.electrovilaseca.com\/es\/wp-json\/wp\/v2\/types\/page"}],"author":[{"embeddable":true,"href":"https:\/\/www.electrovilaseca.com\/es\/wp-json\/wp\/v2\/users\/1"}],"replies":[{"embeddable":true,"href":"https:\/\/www.electrovilaseca.com\/es\/wp-json\/wp\/v2\/comments?post=2440"}],"version-history":[{"count":2,"href":"https:\/\/www.electrovilaseca.com\/es\/wp-json\/wp\/v2\/pages\/2440\/revisions"}],"predecessor-version":[{"id":2445,"href":"https:\/\/www.electrovilaseca.com\/es\/wp-json\/wp\/v2\/pages\/2440\/revisions\/2445"}],"wp:attachment":[{"href":"https:\/\/www.electrovilaseca.com\/es\/wp-json\/wp\/v2\/media?parent=2440"}],"curies":[{"name":"wp","href":"https:\/\/api.w.org\/{rel}","templated":true}]}}