{"id":2437,"date":"2025-02-17T19:26:02","date_gmt":"2025-02-17T17:26:02","guid":{"rendered":"https:\/\/www.electrovilaseca.com\/serveis-sat\/"},"modified":"2025-02-20T10:46:34","modified_gmt":"2025-02-20T08:46:34","slug":"servicios-sat","status":"publish","type":"page","link":"https:\/\/www.electrovilaseca.com\/es\/servicios-sat\/","title":{"rendered":"Servicios SAT"},"content":{"rendered":"<div class=\"wpb-content-wrapper\"><p>[vc_row css=&#8221;.vc_custom_1739966058816{margin-bottom: 20px !important;}&#8221;][vc_column][vc_custom_heading text=&#8221;Servicios SAT&#8221; font_container=&#8221;tag:h2|font_size:36px|text_align:center&#8221; use_theme_fonts=&#8221;yes&#8221; css=&#8221;.vc_custom_1739994873560{margin-bottom: 15px !important;}&#8221; el_class=&#8221;uppercase&#8221;][vc_row_inner][vc_column_inner el_class=&#8221;col-phone-12&#8243; width=&#8221;1\/2&#8243; css=&#8221;.vc_custom_1739817821085{padding-top: 35px !important;}&#8221; offset=&#8221;vc_col-lg-3 vc_col-md-6 vc_col-xs-12&#8243;]<div id=\"sns-infobox-18544063951777763597\" class=\"sns-info-box fa-parent  box-style3\">\n\t<div class=\"info-box-wrapper\">\n\t\t<div class=\"icon\">\n\t\t\t\t\t\t\t<span style=\"font-size:44px; line-height:44px;\" class=\"vc_icon_element-icon fas fa-tv\"><\/span>\n\t\t\t\t\n\t\t<\/div>\n\t\t<div class=\"content-info-box\">\n\t\t\t\t\t\t<h2 class=\"sc_heading\">\n\t\t\t\t\t\t\t\tElectr\u00f3nica\t\t\t\t\t\t\t<\/h2>\n\t\t\t\t\t\t<\/p>\n<ul>\n<li>TV\u2019s \/ monitores (todas las marcas)<\/li>\n<li>Equipos HIFI<\/li>\n<li>Equipos electr\u00f3nicos<\/li>\n<\/ul>\n<p>\t\t<\/div>\n\t<\/div>\n<\/div>\n[vc_empty_space height=&#8221;20px&#8221;][\/vc_column_inner][vc_column_inner el_class=&#8221;col-phone-12&#8243; width=&#8221;1\/2&#8243; css=&#8221;.vc_custom_1739817843869{padding-top: 35px !important;}&#8221; offset=&#8221;vc_col-lg-3 vc_col-md-6 vc_col-xs-12&#8243;]<div id=\"sns-infobox-4222173141777763597\" class=\"sns-info-box fa-parent  box-style3\">\n\t<div class=\"info-box-wrapper\">\n\t\t<div class=\"icon\">\n\t\t\t\t\t\t\t<span style=\"font-size:44px; line-height:44px;\" class=\"vc_icon_element-icon fas fa-laptop\"><\/span>\n\t\t\t\t\n\t\t<\/div>\n\t\t<div class=\"content-info-box\">\n\t\t\t\t\t\t<h2 class=\"sc_heading\">\n\t\t\t\t\t\t\t\tInform\u00e1tica\t\t\t\t\t\t\t<\/h2>\n\t\t\t\t\t\t<\/p>\n<ul>\n<li>Ordenadores sobremesa<\/li>\n<li>Port\u00e1tiles<\/li>\n<li>Tablets<\/li>\n<\/ul>\n<p>\t\t<\/div>\n\t<\/div>\n<\/div>\n[vc_empty_space height=&#8221;20px&#8221;][\/vc_column_inner][vc_column_inner el_class=&#8221;col-phone-12&#8243; width=&#8221;1\/2&#8243; css=&#8221;.vc_custom_1739817849023{padding-top: 35px !important;}&#8221; offset=&#8221;vc_col-lg-3 vc_col-md-6 vc_col-xs-12&#8243;]<div id=\"sns-infobox-19547322701777763597\" class=\"sns-info-box fa-parent  box-style3\">\n\t<div class=\"info-box-wrapper\">\n\t\t<div class=\"icon\">\n\t\t\t\t\t\t\t<span style=\"font-size:44px; line-height:44px;\" class=\"vc_icon_element-icon fas fa-mug-hot\"><\/span>\n\t\t\t\t\n\t\t<\/div>\n\t\t<div class=\"content-info-box\">\n\t\t\t\t\t\t<h2 class=\"sc_heading\">\n\t\t\t\t\t\t\t\tPeque\u00f1o electrodom\u00e9stico\t\t\t\t\t\t\t<\/h2>\n\t\t\t\t\t\t<\/p>\n<ul>\n<li>Tostadoras<\/li>\n<li>Batidoras<\/li>\n<li>Cafeteras<\/li>\n<li>Aspiradores<\/li>\n<\/ul>\n<p>\t\t<\/div>\n\t<\/div>\n<\/div>\n[vc_empty_space height=&#8221;20px&#8221;][\/vc_column_inner][vc_column_inner el_class=&#8221;col-phone-12&#8243; width=&#8221;1\/2&#8243; offset=&#8221;vc_col-lg-3 vc_col-md-6 vc_col-xs-12&#8243; css=&#8221;.vc_custom_1739817855493{padding-top: 35px !important;}&#8221;]<div id=\"sns-infobox-9081110681777763597\" class=\"sns-info-box fa-parent  box-style3\">\n\t<div class=\"info-box-wrapper\">\n\t\t<div class=\"icon\">\n\t\t\t\t\t\t\t<span style=\"font-size:44px; line-height:44px;\" class=\"vc_icon_element-icon fas fa-tshirt\"><\/span>\n\t\t\t\t\n\t\t<\/div>\n\t\t<div class=\"content-info-box\">\n\t\t\t\t\t\t<h2 class=\"sc_heading\">\n\t\t\t\t\t\t\t\tGrande electrodom\u00e9stico\t\t\t\t\t\t\t<\/h2>\n\t\t\t\t\t\t<\/p>\n<ul>\n<li>Lavadoras<\/li>\n<li>Lavavajillas<\/li>\n<li>Secadoras<\/li>\n<li>Frigor\u00edficos<\/li>\n<\/ul>\n<p>\t\t<\/div>\n\t<\/div>\n<\/div>\n[vc_empty_space height=&#8221;20px&#8221;][\/vc_column_inner][\/vc_row_inner][vc_row_inner][vc_column_inner el_class=&#8221;col-phone-12&#8243; width=&#8221;1\/2&#8243; css=&#8221;.vc_custom_1739817863678{padding-top: 35px !important;}&#8221; offset=&#8221;vc_col-lg-3 vc_col-md-6 vc_col-xs-12&#8243;]<div id=\"sns-infobox-1870315081777763597\" class=\"sns-info-box fa-parent  box-style3\">\n\t<div class=\"info-box-wrapper\">\n\t\t<div class=\"icon\">\n\t\t\t\t\t\t\t<span style=\"font-size:44px; line-height:44px;\" class=\"vc_icon_element-icon fas fa-fire\"><\/span>\n\t\t\t\t\n\t\t<\/div>\n\t\t<div class=\"content-info-box\">\n\t\t\t\t\t\t<h2 class=\"sc_heading\">\n\t\t\t\t\t\t\t\tCocci\u00f3n\t\t\t\t\t\t\t<\/h2>\n\t\t\t\t\t\t<\/p>\n<ul>\n<li>Placas de cocci\u00f3n<\/li>\n<li>Hornos<\/li>\n<li>Cocinas<\/li>\n<li>Microondas<\/li>\n<\/ul>\n<p>\t\t<\/div>\n\t<\/div>\n<\/div>\n[vc_empty_space height=&#8221;20px&#8221;][\/vc_column_inner][vc_column_inner el_class=&#8221;col-phone-12&#8243; width=&#8221;1\/2&#8243; css=&#8221;.vc_custom_1739817868639{padding-top: 35px !important;}&#8221; offset=&#8221;vc_col-lg-3 vc_col-md-6 vc_col-xs-12&#8243;]<div id=\"sns-infobox-3290697811777763597\" class=\"sns-info-box fa-parent  box-style3\">\n\t<div class=\"info-box-wrapper\">\n\t\t<div class=\"icon\">\n\t\t\t\t\t\t\t<span style=\"font-size:44px; line-height:44px;\" class=\"vc_icon_element-icon fas fa-temperature-low\"><\/span>\n\t\t\t\t\n\t\t<\/div>\n\t\t<div class=\"content-info-box\">\n\t\t\t\t\t\t<h2 class=\"sc_heading\">\n\t\t\t\t\t\t\t\tFr\u00edo y climatizaci\u00f3n\t\t\t\t\t\t\t<\/h2>\n\t\t\t\t\t\t<\/p>\n<ul>\n<li>Equipos aire acondicionado<\/li>\n<\/ul>\n<p>\t\t<\/div>\n\t<\/div>\n<\/div>\n[vc_empty_space height=&#8221;20px&#8221;][\/vc_column_inner][vc_column_inner width=&#8221;1\/2&#8243; css=&#8221;.vc_custom_1739817874161{padding-top: 35px !important;}&#8221; offset=&#8221;vc_col-lg-3 vc_col-md-6 vc_col-xs-12&#8243;]<div id=\"sns-infobox-11710717491777763597\" class=\"sns-info-box fa-parent  box-style3\">\n\t<div class=\"info-box-wrapper\">\n\t\t<div class=\"icon\">\n\t\t\t\t\t\t\t<span style=\"font-size:44px; line-height:44px;\" class=\"vc_icon_element-icon fas fa-h-square\"><\/span>\n\t\t\t\t\n\t\t<\/div>\n\t\t<div class=\"content-info-box\">\n\t\t\t\t\t\t<h2 class=\"sc_heading\">\n\t\t\t\t\t\t\t\tEquipamiento hosteler\u00eda\t\t\t\t\t\t\t<\/h2>\n\t\t\t\t\t\t<\/p>\n<ul>\n<li>C\u00e1maras frigor\u00edficas<\/li>\n<\/ul>\n<p>\t\t<\/div>\n\t<\/div>\n<\/div>\n[vc_empty_space height=&#8221;20px&#8221;][\/vc_column_inner][vc_column_inner width=&#8221;1\/2&#8243; css=&#8221;.vc_custom_1739817879969{padding-top: 35px !important;}&#8221; offset=&#8221;vc_col-lg-3 vc_col-md-6 vc_col-xs-12&#8243;]<div id=\"sns-infobox-3627375881777763597\" class=\"sns-info-box fa-parent  box-style3\">\n\t<div class=\"info-box-wrapper\">\n\t\t<div class=\"icon\">\n\t\t\t\t\t\t\t<span style=\"font-size:44px; line-height:44px;\" class=\"vc_icon_element-icon fas fa-broadcast-tower\"><\/span>\n\t\t\t\t\n\t\t<\/div>\n\t\t<div class=\"content-info-box\">\n\t\t\t\t\t\t<h2 class=\"sc_heading\">\n\t\t\t\t\t\t\t\tTelecomunicaciones\t\t\t\t\t\t\t<\/h2>\n\t\t\t\t\t\t<\/p>\n<ul>\n<li>Antenas TV<\/li>\n<\/ul>\n<p>\t\t<\/div>\n\t<\/div>\n<\/div>\n[vc_empty_space height=&#8221;20px&#8221;][\/vc_column_inner][\/vc_row_inner][\/vc_column][\/vc_row][vc_row full_width=&#8221;stretch_row&#8221; parallax=&#8221;content-moving&#8221; css=&#8221;.vc_custom_1739965995497{margin-bottom: 80px !important;padding-top: 40px !important;padding-bottom: 40px !important;background-color: #0682CA !important;}&#8221;][vc_column][vc_custom_heading text=&#8221;Servicio t\u00e9cnico oficial:&#8221; font_container=&#8221;tag:h2|font_size:36px|text_align:center&#8221; use_theme_fonts=&#8221;yes&#8221; css=&#8221;.vc_custom_1739995102880{margin-bottom: 15px !important;}&#8221; el_class=&#8221;uppercase&#8221;][vc_empty_space height=&#8221;50px&#8221;][vc_images_carousel images=&#8221;1970,1961,1958,1959,2058&#8243; img_size=&#8221;full&#8221; onclick=&#8221;link_no&#8221; slides_per_view=&#8221;5&#8243; hide_pagination_control=&#8221;yes&#8221; hide_prev_next_buttons=&#8221;yes&#8221; css=&#8221;&#8221;][\/vc_column][\/vc_row][vc_row full_width=&#8221;stretch_row_content&#8221; el_class=&#8221;row-contact-form&#8221; css=&#8221;.vc_custom_1739990090967{padding-bottom: 70px !important;}&#8221;][vc_column][vc_custom_heading text=&#8221;Solicitud de reparaci\u00f3n&#8221; font_container=&#8221;tag:h2|font_size:36px|text_align:center&#8221; use_theme_fonts=&#8221;yes&#8221; css=&#8221;.vc_custom_1739995110960{margin-bottom: 15px !important;}&#8221; el_class=&#8221;uppercase&#8221;]\n<div class=\"wpcf7 no-js\" id=\"wpcf7-f2444-o1\" lang=\"ca\" dir=\"ltr\" data-wpcf7-id=\"2444\">\n<div class=\"screen-reader-response\"><p role=\"status\" aria-live=\"polite\" aria-atomic=\"true\"><\/p> <ul><\/ul><\/div>\n<form action=\"\/es\/wp-json\/wp\/v2\/pages\/2437#wpcf7-f2444-o1\" method=\"post\" class=\"wpcf7-form init\" aria-label=\"Formulari de contacte\" novalidate=\"novalidate\" data-status=\"init\">\n<fieldset class=\"hidden-fields-container\"><input type=\"hidden\" name=\"_wpcf7\" value=\"2444\" \/><input type=\"hidden\" name=\"_wpcf7_version\" value=\"6.1\" \/><input type=\"hidden\" name=\"_wpcf7_locale\" value=\"ca\" \/><input type=\"hidden\" name=\"_wpcf7_unit_tag\" value=\"wpcf7-f2444-o1\" \/><input type=\"hidden\" name=\"_wpcf7_container_post\" value=\"0\" \/><input type=\"hidden\" name=\"_wpcf7_posted_data_hash\" value=\"\" \/><input type=\"hidden\" name=\"_wpcf7_recaptcha_response\" value=\"\" \/>\n<\/fieldset>\n<div class=\"contact_form\">\n\t<div class=\"row\">\n\t\t<div class=\"col-lg-12 col-md-12 col-sm-12 col-xs-12\">\n\t\t\t<div class=\"input-group\">\n\t\t\t\t<p><span class=\"wpcf7-form-control-wrap\" data-name=\"txtNom\"><input size=\"40\" maxlength=\"400\" class=\"wpcf7-form-control wpcf7-text wpcf7-validates-as-required\" aria-required=\"true\" aria-invalid=\"false\" placeholder=\"Nombre *\" value=\"\" type=\"text\" name=\"txtNom\" \/><\/span>\n\t\t\t\t<\/p>\n\t\t\t<\/div>\n\t\t\t<div class=\"input-group\">\n\t\t\t\t<p><span class=\"wpcf7-form-control-wrap\" data-name=\"txtEquip\"><input size=\"40\" maxlength=\"400\" class=\"wpcf7-form-control wpcf7-text wpcf7-validates-as-required\" aria-required=\"true\" aria-invalid=\"false\" placeholder=\"Equipo a reparar *\" value=\"\" type=\"text\" name=\"txtEquip\" \/><\/span>\n\t\t\t\t<\/p>\n\t\t\t<\/div>\n\t\t\t<div class=\"input-group\">\n\t\t\t\t<p><span class=\"wpcf7-form-control-wrap\" data-name=\"txtEmail\"><input size=\"40\" maxlength=\"400\" class=\"wpcf7-form-control wpcf7-email wpcf7-validates-as-required wpcf7-text wpcf7-validates-as-email\" aria-required=\"true\" aria-invalid=\"false\" placeholder=\"E-mail *\" value=\"\" type=\"email\" name=\"txtEmail\" \/><\/span>\n\t\t\t\t<\/p>\n\t\t\t<\/div>\n\t\t\t<div class=\"input-group\">\n\t\t\t\t<p><span class=\"wpcf7-form-control-wrap\" data-name=\"txtTelefon\"><input size=\"40\" maxlength=\"400\" class=\"wpcf7-form-control wpcf7-text wpcf7-validates-as-required\" aria-required=\"true\" aria-invalid=\"false\" placeholder=\"Tel\u00e9fono *\" value=\"\" type=\"text\" name=\"txtTelefon\" \/><\/span>\n\t\t\t\t<\/p>\n\t\t\t<\/div>\n\t\t\t<p><span class=\"wpcf7-form-control-wrap\" data-name=\"txtMissatge\"><textarea cols=\"40\" rows=\"10\" maxlength=\"2000\" class=\"wpcf7-form-control wpcf7-textarea wpcf7-validates-as-required\" aria-required=\"true\" aria-invalid=\"false\" placeholder=\"Descrpci\u00f3n del problema *\" name=\"txtMissatge\"><\/textarea><\/span>\n\t\t\t<\/p>\n\t\t<\/div>\n\t<\/div>\n\t<div class=\"row\">\n\t\t<div class=\"col-lg-12 col-md-12 col-sm-12 col-xs-12\">\n\t\t\t<div class=\"input-group\">\n\t\t\t\t<p><span><span class=\"wpcf7-form-control-wrap\" data-name=\"acceptance-279\"><span class=\"wpcf7-form-control wpcf7-acceptance\"><span class=\"wpcf7-list-item\"><input type=\"checkbox\" name=\"acceptance-279\" value=\"1\" aria-invalid=\"false\" \/><\/span><\/span><\/span> He llegit i accepto l'<a target=\"_blank\" rel=\"nofollow noopener noreferrer\" href=\"https:\/\/www.electrovilaseca.com\/es\/aviso-legal\">Aviso Legal<\/a> i la <a target=\"_blank\" rel=\"nofollow noopener noreferrer\" href=\"https:\/\/www.electrovilaseca.com\/es\/politica-de-privacidad\">Pol\u00edtica de Privacidad<\/a>.<\/span>\n\t\t\t\t<\/p>\n\t\t\t<\/div>\n\t\t<\/div>\n\t\t<div class=\"col-lg-12 col-md-12 col-sm-12 col-xs-12\">\n\t\t\t<div class=\"input-group\">\n\t\t\t\t<p><span><span class=\"wpcf7-form-control-wrap\" data-name=\"acceptance-280\"><span class=\"wpcf7-form-control wpcf7-acceptance optional\"><span class=\"wpcf7-list-item\"><input type=\"checkbox\" name=\"acceptance-280\" value=\"1\" aria-invalid=\"false\" \/><\/span><\/span><\/span> Autorizo el env\u00edo de informaci\u00f3n comercial y del bolet\u00edn de noticias.<\/span>\n\t\t\t\t<\/p>\n\t\t\t<\/div>\n\t\t<\/div>\n\t\t<div class=\"col-lg-12 col-md-12 col-sm-12 col-xs-12 text-left text-legal-p\">\n\t\t\t<p><b>INFORMACI\u00d3N B\u00c1SICA SOBRE PROTECCI\u00d3N DE DATOS<\/b><br \/>\n<b>Responsable del tratamiento:<\/b> ELECTRODOM\u00c8STICS VILASECA, S.L.<br \/>\n<b>Finalidad del tratamiento:<\/b> Mantener una relaci\u00f3n con el Usuario y, si nos autoriza, el env\u00edo de newsletters, comunicaciones comerciales y promociones.<br \/>\n<b>Legitimaci\u00f3n del tratamiento:<\/b> Inter\u00e9s leg\u00edtimo y consentimiento del interesado\/da.<br \/>\n<b>Conservaci\u00f3n de los datos:<\/b> Se conservaran durante el tiempo en el que haga un inter\u00e9s mutuo o durante el tiempo que sea necesario para el cumplimiento de obligaciones legales.<br \/>\n<b>Destinatarios:<\/b> Prestadores de servicios o colaboradores.<br \/>\n<b>Derechos:<\/b> Derecho a retirar el consentimiento en cualquier momento. Derecho de acceso, rectificaci\u00f3n, portabilidad y supresi\u00f3n de sus datos y de la limitaci\u00f3n u oposici\u00f3n a su tratamiento. Datos de contacto para ejercer sus derechos: info@electrovilaseca.com<br \/>\n<b>Informaci\u00f3n adicional:<\/b> Puede encontrar m\u00e1s informaci\u00f3n en nuestra <a href=\"https:\/\/www.electrovilaseca.com\/es\/politica-de-privacidad\">Pol\u00edtica de Privacidad<\/a>.\n\t\t\t<\/p>\n\t\t<\/div>\n\t\t<div class=\"col-lg-12 col-md-12 col-sm-12 col-xs-12 text-right\">\n\t\t\t<div class=\"input-group\">\n\t\t\t\t<p><button class=\"button icon_right size-sm theme-wpcf7-submit\">ENVIAR <i class=\"stm-arrow-next\"><\/i><\/button>\n\t\t\t\t<\/p>\n\t\t\t<\/div>\n\t\t<\/div>\n\t<\/div>\n<\/div><div class=\"wpcf7-response-output\" aria-hidden=\"true\"><\/div>\n<\/form>\n<\/div>\n[\/vc_column][\/vc_row][vc_row][vc_column width=&#8221;1\/2&#8243;][vc_single_image image=&#8221;2104&#8243; img_size=&#8221;full&#8221; css=&#8221;&#8221;][\/vc_column][vc_column width=&#8221;1\/2&#8243;][vc_single_image image=&#8221;2101&#8243; img_size=&#8221;full&#8221; css=&#8221;&#8221;][\/vc_column][\/vc_row]<\/p>\n<\/div>","protected":false},"excerpt":{"rendered":"<p>[vc_row css=&#8221;.vc_custom_1739966058816{margin-bottom: 20px !important;}&#8221;][vc_column][vc_custom_heading text=&#8221;Servicios SAT&#8221; font_container=&#8221;tag:h2|font_size:36px|text_align:center&#8221; use_theme_fonts=&#8221;yes&#8221; css=&#8221;.vc_custom_1739994873560{margin-bottom: 15px !important;}&#8221; el_class=&#8221;uppercase&#8221;][vc_row_inner][vc_column_inner el_class=&#8221;col-phone-12&#8243; width=&#8221;1\/2&#8243; css=&#8221;.vc_custom_1739817821085{padding-top: 35px !important;}&#8221; offset=&#8221;vc_col-lg-3 vc_col-md-6 vc_col-xs-12&#8243;][vc_empty_space height=&#8221;20px&#8221;][\/vc_column_inner][vc_column_inner el_class=&#8221;col-phone-12&#8243; width=&#8221;1\/2&#8243; css=&#8221;.vc_custom_1739817843869{padding-top: 35px !important;}&#8221; offset=&#8221;vc_col-lg-3 vc_col-md-6 vc_col-xs-12&#8243;][vc_empty_space height=&#8221;20px&#8221;][\/vc_column_inner][vc_column_inner el_class=&#8221;col-phone-12&#8243; width=&#8221;1\/2&#8243; css=&#8221;.vc_custom_1739817849023{padding-top: 35px !important;}&#8221; offset=&#8221;vc_col-lg-3 vc_col-md-6 vc_col-xs-12&#8243;][vc_empty_space height=&#8221;20px&#8221;][\/vc_column_inner][vc_column_inner el_class=&#8221;col-phone-12&#8243; width=&#8221;1\/2&#8243; offset=&#8221;vc_col-lg-3 vc_col-md-6 vc_col-xs-12&#8243; css=&#8221;.vc_custom_1739817855493{padding-top: 35px !important;}&#8221;][vc_empty_space height=&#8221;20px&#8221;][\/vc_column_inner][\/vc_row_inner][vc_row_inner][vc_column_inner el_class=&#8221;col-phone-12&#8243; width=&#8221;1\/2&#8243; css=&#8221;.vc_custom_1739817863678{padding-top: 35px !important;}&#8221; offset=&#8221;vc_col-lg-3 vc_col-md-6<\/p>\n<p class=\"link-more\"><a href=\"https:\/\/www.electrovilaseca.com\/es\/servicios-sat\/\" class=\"more-link\"><span>Read More<\/span><\/a><\/p>\n","protected":false},"author":1,"featured_media":0,"parent":0,"menu_order":4,"comment_status":"closed","ping_status":"closed","template":"","meta":{"footnotes":""},"class_list":["post-2437","page","type-page","status-publish","hentry"],"aioseo_notices":[],"_links":{"self":[{"href":"https:\/\/www.electrovilaseca.com\/es\/wp-json\/wp\/v2\/pages\/2437","targetHints":{"allow":["GET"]}}],"collection":[{"href":"https:\/\/www.electrovilaseca.com\/es\/wp-json\/wp\/v2\/pages"}],"about":[{"href":"https:\/\/www.electrovilaseca.com\/es\/wp-json\/wp\/v2\/types\/page"}],"author":[{"embeddable":true,"href":"https:\/\/www.electrovilaseca.com\/es\/wp-json\/wp\/v2\/users\/1"}],"replies":[{"embeddable":true,"href":"https:\/\/www.electrovilaseca.com\/es\/wp-json\/wp\/v2\/comments?post=2437"}],"version-history":[{"count":3,"href":"https:\/\/www.electrovilaseca.com\/es\/wp-json\/wp\/v2\/pages\/2437\/revisions"}],"predecessor-version":[{"id":2446,"href":"https:\/\/www.electrovilaseca.com\/es\/wp-json\/wp\/v2\/pages\/2437\/revisions\/2446"}],"wp:attachment":[{"href":"https:\/\/www.electrovilaseca.com\/es\/wp-json\/wp\/v2\/media?parent=2437"}],"curies":[{"name":"wp","href":"https:\/\/api.w.org\/{rel}","templated":true}]}}