{"id":2427,"date":"2025-02-07T10:36:21","date_gmt":"2025-02-07T08:36:21","guid":{"rendered":"https:\/\/www.electrovilaseca.com\/qui-som\/"},"modified":"2025-02-19T21:48:24","modified_gmt":"2025-02-19T19:48:24","slug":"quienes-somos","status":"publish","type":"page","link":"https:\/\/www.electrovilaseca.com\/es\/quienes-somos\/","title":{"rendered":"Quienes somos"},"content":{"rendered":"<div class=\"wpb-content-wrapper\"><p>[vc_row equal_height=&#8221;yes&#8221; content_placement=&#8221;middle&#8221; css=&#8221;.vc_custom_1738919279997{margin-right: 0px !important;margin-bottom: 5px !important;margin-left: 0px !important;padding-top: 30px !important;padding-right: 30px !important;padding-bottom: 30px !important;padding-left: 30px !important;background-color: #f5f5f5 !important;}&#8221;][vc_column width=&#8221;1\/3&#8243; css=&#8221;.vc_custom_1738918924756{padding-top: 0px !important;padding-right: 0px !important;padding-left: 0px !important;}&#8221; offset=&#8221;vc_col-lg-4 vc_col-md-4&#8243;][vc_single_image image=&#8221;2090&#8243; img_size=&#8221;full&#8221; alignment=&#8221;center&#8221; css=&#8221;.vc_custom_1739965088163{margin-top: 30px !important;margin-bottom: 30px !important;}&#8221;][\/vc_column][vc_column width=&#8221;2\/3&#8243; css=&#8221;.vc_custom_1738918936335{padding-top: 30px !important;padding-right: 20px !important;padding-bottom: 30px !important;padding-left: 20px !important;}&#8221; offset=&#8221;vc_col-lg-8 vc_col-md-8&#8243;][vc_custom_heading text=&#8221;Quienes somos&#8221; font_container=&#8221;tag:h2|font_size:36px|text_align:center&#8221; use_theme_fonts=&#8221;yes&#8221; css=&#8221;.vc_custom_1739994299242{margin-bottom: 35px !important;}&#8221; el_class=&#8221;uppercase&#8221;][vc_column_text css=&#8221;.vc_custom_1739994400724{margin-bottom: 0px !important;}&#8221;]<strong>Electrodom\u00e9sticos Vilaseca<\/strong> es una empresa familiar com m\u00e1s de 50 a\u00f1os de experiencia en el sector de la venta de electrodom\u00e9sticos, electr\u00f3nica y climatizaci\u00f3n. Fundada en 1966 por <strong>Ramon y Nativitat<\/strong> en Solsona, inicialmente como un taller de montaje y reparaci\u00f3n de televisores e instalaciones el\u00e9ctricas, la empresa ha evolucionado para convertirse en un referente en el sector.<\/p>\n<p>El 1984, se abre nuestra tienda f\u00edsica en Avinguda del Pont de Solsona, lo que marca un hito en nuestro crecimiento. Posteriormente, la empresa pas\u00f3 a ser gestionada por sus hijos, Josep y Alfons, que hemos continuado el legado familiar con el mismo compromiso de ofrecer a nuestros clientes productos de alta calidad y un servicio integral, garantizando siempre su satisfacci\u00f3n.<\/p>\n<p>A d\u00eda de hoy, Electrodom\u00e9sticos Vilaseca se especializa en la venta de productos electr\u00f3nicos, electrodom\u00e9sticos, inform\u00e1tica e climatizaci\u00f3n.\u00a0 Asesoramos a nuestros clientes en la elecci\u00f3n de los equipos m\u00e1s adecuados para sus necesidades, y ofrecemos un servicio global postventa, que incluye asistencia t\u00e9cnica (SAT) y servicios de instalaci\u00f3n e mantenimiento en \u00e1reas como electricidad, iluminaci\u00f3n, climatizaci\u00f3n y telecomunicaciones.<\/p>\n<blockquote><p>Lo que nos diferencia es nuestro enfoque cercano y personalizado. Cada cliente recibe un trato directo y un asesoramiento experto, puesto que contamos con un equipo profesional capacitado que garantiza que cada venta, instalaci\u00f3n o reparaci\u00f3n se realice con la m\u00e1xima calidad\u00a0 y eficiencia.<\/p><\/blockquote>\n<p>[\/vc_column_text][\/vc_column][\/vc_row][vc_row css=&#8221;.vc_custom_1536123887251{margin-bottom: 115px !important;}&#8221;][vc_column][vc_row_inner][vc_column_inner el_class=&#8221;col-phone-12&#8243; width=&#8221;1\/2&#8243; css=&#8221;.vc_custom_1738918350317{padding-top: 35px !important;}&#8221; offset=&#8221;vc_col-lg-6 vc_col-md-6 vc_col-xs-12&#8243;]<div id=\"sns-infobox-5819706291777626024\" class=\"sns-info-box fa-parent  box-style3\">\n\t<div class=\"info-box-wrapper\">\n\t\t<div class=\"icon\">\n\t\t\t\t\t\t\t<img decoding=\"async\" style=\"max-width:50px\" src=\"https:\/\/www.electrovilaseca.com\/wp-content\/uploads\/2018\/09\/ico-easy.png\" alt=\"Misi\u00f3n\" \/>\n\t\t\t\t\n\t\t<\/div>\n\t\t<div class=\"content-info-box\">\n\t\t\t\t\t\t<h2 class=\"sc_heading\">\n\t\t\t\t\t\t\t\tMisi\u00f3n\t\t\t\t\t\t\t<\/h2>\n\t\t\t\t\t\tSer un modelo en el sector de los electrodom\u00e9sticos y soluciones tecnol\u00f3gicas de la zona, ofreciendo productos de calidad, un asesoramiento especializado y un servicio postventa que cubra todas las necesidades de nuestros clientes\t\t<\/div>\n\t<\/div>\n<\/div>\n[\/vc_column_inner][vc_column_inner el_class=&#8221;col-phone-12&#8243; width=&#8221;1\/2&#8243; css=&#8221;.vc_custom_1738918338261{padding-top: 35px !important;}&#8221; offset=&#8221;vc_col-lg-6 vc_col-md-6 vc_col-xs-12&#8243;]<div id=\"sns-infobox-21189405541777626024\" class=\"sns-info-box fa-parent  box-style3\">\n\t<div class=\"info-box-wrapper\">\n\t\t<div class=\"icon\">\n\t\t\t\t\t\t\t<img decoding=\"async\" style=\"max-width:50px\" src=\"https:\/\/www.electrovilaseca.com\/wp-content\/uploads\/2018\/09\/ico-cats.png\" alt=\"Valores\" \/>\n\t\t\t\t\n\t\t<\/div>\n\t\t<div class=\"content-info-box\">\n\t\t\t\t\t\t<h2 class=\"sc_heading\">\n\t\t\t\t\t\t\t\tValores\t\t\t\t\t\t\t<\/h2>\n\t\t\t\t\t\tCompromiso con la calidad, proximidad y confianza en el servicio y el legado de m\u00e1s de 50 a\u00f1os apoyando a nuestros clientes\t\t<\/div>\n\t<\/div>\n<\/div>\n[\/vc_column_inner][\/vc_row_inner][\/vc_column][\/vc_row][vc_row][vc_column width=&#8221;1\/2&#8243;][vc_single_image image=&#8221;1800&#8243; img_size=&#8221;full&#8221; css=&#8221;&#8221;][\/vc_column][vc_column width=&#8221;1\/2&#8243;][vc_single_image image=&#8221;2095&#8243; img_size=&#8221;full&#8221; css=&#8221;&#8221;][\/vc_column][\/vc_row]<\/p>\n<\/div>","protected":false},"excerpt":{"rendered":"<p>[vc_row equal_height=&#8221;yes&#8221; content_placement=&#8221;middle&#8221; css=&#8221;.vc_custom_1738919279997{margin-right: 0px !important;margin-bottom: 5px !important;margin-left: 0px !important;padding-top: 30px !important;padding-right: 30px !important;padding-bottom: 30px !important;padding-left: 30px !important;background-color: #f5f5f5 !important;}&#8221;][vc_column width=&#8221;1\/3&#8243; css=&#8221;.vc_custom_1738918924756{padding-top: 0px !important;padding-right: 0px !important;padding-left: 0px !important;}&#8221; offset=&#8221;vc_col-lg-4 vc_col-md-4&#8243;][vc_single_image image=&#8221;2090&#8243; img_size=&#8221;full&#8221; alignment=&#8221;center&#8221; css=&#8221;.vc_custom_1739965088163{margin-top: 30px !important;margin-bottom: 30px !important;}&#8221;][\/vc_column][vc_column width=&#8221;2\/3&#8243; css=&#8221;.vc_custom_1738918936335{padding-top: 30px !important;padding-right: 20px !important;padding-bottom: 30px !important;padding-left: 20px !important;}&#8221; offset=&#8221;vc_col-lg-8 vc_col-md-8&#8243;][vc_custom_heading text=&#8221;Quienes somos&#8221; font_container=&#8221;tag:h2|font_size:36px|text_align:center&#8221; use_theme_fonts=&#8221;yes&#8221; css=&#8221;.vc_custom_1739994299242{margin-bottom:<\/p>\n<p class=\"link-more\"><a href=\"https:\/\/www.electrovilaseca.com\/es\/quienes-somos\/\" class=\"more-link\"><span>Read More<\/span><\/a><\/p>\n","protected":false},"author":1,"featured_media":0,"parent":0,"menu_order":2,"comment_status":"closed","ping_status":"closed","template":"","meta":{"footnotes":""},"class_list":["post-2427","page","type-page","status-publish","hentry"],"aioseo_notices":[],"_links":{"self":[{"href":"https:\/\/www.electrovilaseca.com\/es\/wp-json\/wp\/v2\/pages\/2427","targetHints":{"allow":["GET"]}}],"collection":[{"href":"https:\/\/www.electrovilaseca.com\/es\/wp-json\/wp\/v2\/pages"}],"about":[{"href":"https:\/\/www.electrovilaseca.com\/es\/wp-json\/wp\/v2\/types\/page"}],"author":[{"embeddable":true,"href":"https:\/\/www.electrovilaseca.com\/es\/wp-json\/wp\/v2\/users\/1"}],"replies":[{"embeddable":true,"href":"https:\/\/www.electrovilaseca.com\/es\/wp-json\/wp\/v2\/comments?post=2427"}],"version-history":[{"count":6,"href":"https:\/\/www.electrovilaseca.com\/es\/wp-json\/wp\/v2\/pages\/2427\/revisions"}],"predecessor-version":[{"id":2433,"href":"https:\/\/www.electrovilaseca.com\/es\/wp-json\/wp\/v2\/pages\/2427\/revisions\/2433"}],"wp:attachment":[{"href":"https:\/\/www.electrovilaseca.com\/es\/wp-json\/wp\/v2\/media?parent=2427"}],"curies":[{"name":"wp","href":"https:\/\/api.w.org\/{rel}","templated":true}]}}